{"id":60,"date":"2024-03-07T18:00:02","date_gmt":"2024-03-07T17:00:02","guid":{"rendered":"https:\/\/21producciones.com\/?page_id=60"},"modified":"2024-03-14T09:29:40","modified_gmt":"2024-03-14T08:29:40","slug":"servicios-disenados-para-elevar-cualquier-evento","status":"publish","type":"page","link":"https:\/\/21producciones.com\/index.php\/servicios-disenados-para-elevar-cualquier-evento\/","title":{"rendered":"SERVICIOS"},"content":{"rendered":"\n<h1 class=\"wp-block-heading\">servicios PARA EVENTOS<\/h1>\n\n\n\n<p>\u00a1Bienvenidos al mundo del entretenimiento extraordinario con 21 Producciones! En nuestra plataforma, te ofrecemos una amplia gama de servicios dise\u00f1ados para elevar la experiencia de cualquier evento a nuevas alturas de emoci\u00f3n y diversi\u00f3n. Con una combinaci\u00f3n perfecta de talento, creatividad y profesionalismo, estamos aqu\u00ed para convertir tus sue\u00f1os en realidad y hacer que cada momento sea inolvidable.<\/p>\n\n\n\n<div style=\"height:50px\" aria-hidden=\"true\" class=\"wp-block-spacer\"><\/div>\n\n\n<style>\n.cajas{\n  flex: 1;\n}\n.contenedor{\n  overflow: hidden;\n}\n<\/style>\n\n<script>\nsetTimeout(()=>{\n  const primero = document.querySelector('.primero')\n  primero.classList.add('scroll-triggered')\n}, 100)\nsetTimeout(()=>{\n  const cajas = document.querySelectorAll('.fade')\n  cajas.forEach(caja =>{\n    if(isInViewport(caja.querySelector('p'))){\n      setTimeout(()=>{\n        caja.classList.add('scroll-triggered')\n      }, 100)\n    }\n  })\n}, 100)\n<\/script>\n\n\n\n<div class=\"wp-block-group has-global-padding is-layout-constrained wp-block-group-is-layout-constrained\" style=\"margin-top:0px;margin-bottom:0px\">\n<h4 class=\"wp-block-heading has-text-align-center has-primary-color has-text-color has-allison-font-family has-huge-font-size\" style=\"margin-top:0px;margin-right:0px;margin-bottom:0px;margin-left:0px;font-style:normal;font-weight:400\">Descubre y explora<\/h4>\n\n\n\n<h2 class=\"wp-block-heading has-text-align-center\">NUESTROS SERVICIOS para tu evento<\/h2>\n<\/div>\n\n\n\n<div class=\"wp-block-group contenedor is-vertical is-nowrap is-layout-flex wp-container-core-group-is-layout-6fe931d8 wp-block-group-is-layout-flex\">\n<div id=\"grupos\" class=\"wp-block-group fade-in-left fade primero is-nowrap is-layout-flex wp-container-core-group-is-layout-6c531013 wp-block-group-is-layout-flex\">\n<figure class=\"wp-block-image size-large is-resized has-custom-border\"><img loading=\"lazy\" decoding=\"async\" width=\"1024\" height=\"768\" src=\"https:\/\/21producciones.com\/wp-content\/uploads\/2024\/03\/buskers-1024x768.jpg\" alt=\"\" class=\"wp-image-28\" style=\"border-radius:8px;width:350px\" srcset=\"https:\/\/21producciones.com\/wp-content\/uploads\/2024\/03\/buskers-1024x768.jpg 1024w, https:\/\/21producciones.com\/wp-content\/uploads\/2024\/03\/buskers-300x225.jpg 300w, https:\/\/21producciones.com\/wp-content\/uploads\/2024\/03\/buskers-768x576.jpg 768w, https:\/\/21producciones.com\/wp-content\/uploads\/2024\/03\/buskers-1536x1152.jpg 1536w, https:\/\/21producciones.com\/wp-content\/uploads\/2024\/03\/buskers.jpg 2048w\" sizes=\"auto, (max-width: 1024px) 100vw, 1024px\" \/><\/figure>\n\n\n\n<div class=\"wp-block-group cajas flex1 is-vertical is-content-justification-left is-layout-flex wp-container-core-group-is-layout-ef111892 wp-block-group-is-layout-flex\" style=\"margin-top:var(--wp--preset--spacing--50);margin-bottom:var(--wp--preset--spacing--50)\">\n<hr class=\"wp-block-separator has-alpha-channel-opacity is-style-default\"\/>\n\n\n\n<h2 class=\"wp-block-heading\">grupos musicales<\/h2>\n\n\n\n<p>\u00bfBuscas la banda perfecta para tu evento? Desde bandas de jazz elegantes hasta grupos de rock en\u00e9rgicos, tenemos una variedad de talentos musicales que se adaptan a todos los gustos y estilos. Nuestros grupos musicales profesionales est\u00e1n listos para animar la fiesta y hacer que todos se levanten de sus asientos.<\/p>\n\n\n\n<p>MARCA LA DIFERENCIA CON: <a data-type=\"page\" data-id=\"160\" href=\"https:\/\/21producciones.com\/index.php\/buskers-21\/\">BUSKERS 21<\/a><\/p>\n<\/div>\n<\/div>\n\n\n\n<div id=\"actuaciones\" class=\"wp-block-group fade-in-right fade flip2 is-nowrap is-layout-flex wp-container-core-group-is-layout-6c531013 wp-block-group-is-layout-flex\">\n<div class=\"wp-block-group cajas order2 flex1 is-vertical is-content-justification-left is-layout-flex wp-container-core-group-is-layout-ef111892 wp-block-group-is-layout-flex\" style=\"margin-top:var(--wp--preset--spacing--50);margin-bottom:var(--wp--preset--spacing--50)\">\n<hr class=\"wp-block-separator has-alpha-channel-opacity is-style-default\"\/>\n\n\n\n<h2 class=\"wp-block-heading\">djS<\/h2>\n\n\n\n<p>\u00bfQuieres mantener la fiesta en marcha hasta altas horas de la noche? Nuestros DJs expertos saben exactamente c\u00f3mo leer a la multitud y mantener la energ\u00eda en su punto m\u00e1ximo. Con una amplia selecci\u00f3n de m\u00fasica y habilidades para mezclar impecables, garantizamos que la pista de baile est\u00e9 siempre llena y animada.<\/p>\n\n\n\n<p>TIENES QUE CONOCER A: <a data-type=\"page\" data-id=\"112\" href=\"https:\/\/21producciones.com\/index.php\/dj-ziry\/\">DJ ZIRY<\/a><\/p>\n<\/div>\n\n\n\n<figure class=\"wp-block-image size-large is-resized has-custom-border order\"><img loading=\"lazy\" decoding=\"async\" width=\"1024\" height=\"768\" src=\"https:\/\/21producciones.com\/wp-content\/uploads\/2024\/03\/69141749_10158758978887586_7014747034020216832_n-1024x768.jpg\" alt=\"\" class=\"wp-image-347\" style=\"border-radius:8px;width:350px\" srcset=\"https:\/\/21producciones.com\/wp-content\/uploads\/2024\/03\/69141749_10158758978887586_7014747034020216832_n-1024x768.jpg 1024w, https:\/\/21producciones.com\/wp-content\/uploads\/2024\/03\/69141749_10158758978887586_7014747034020216832_n-300x225.jpg 300w, https:\/\/21producciones.com\/wp-content\/uploads\/2024\/03\/69141749_10158758978887586_7014747034020216832_n-768x576.jpg 768w, https:\/\/21producciones.com\/wp-content\/uploads\/2024\/03\/69141749_10158758978887586_7014747034020216832_n.jpg 1080w\" sizes=\"auto, (max-width: 1024px) 100vw, 1024px\" \/><\/figure>\n<\/div>\n\n\n\n<div id=\"espectaculos\" class=\"wp-block-group fade-in-left fade flip3 is-nowrap is-layout-flex wp-container-core-group-is-layout-6c531013 wp-block-group-is-layout-flex\">\n<figure class=\"wp-block-image size-full is-resized has-custom-border\"><img loading=\"lazy\" decoding=\"async\" width=\"640\" height=\"567\" src=\"https:\/\/21producciones.com\/wp-content\/uploads\/2024\/03\/eva-1.jpeg\" alt=\"\" class=\"wp-image-106\" style=\"border-radius:8px;width:350px;height:auto\" srcset=\"https:\/\/21producciones.com\/wp-content\/uploads\/2024\/03\/eva-1.jpeg 640w, https:\/\/21producciones.com\/wp-content\/uploads\/2024\/03\/eva-1-300x266.jpeg 300w\" sizes=\"auto, (max-width: 640px) 100vw, 640px\" \/><\/figure>\n\n\n\n<div class=\"wp-block-group cajas flex1 is-vertical is-content-justification-left is-layout-flex wp-container-core-group-is-layout-ef111892 wp-block-group-is-layout-flex\" style=\"margin-top:var(--wp--preset--spacing--50);margin-bottom:var(--wp--preset--spacing--50)\">\n<hr class=\"wp-block-separator has-alpha-channel-opacity is-style-default\"\/>\n\n\n\n<h2 class=\"wp-block-heading\">ESPECT\u00c1CULOS DE BAILE<\/h2>\n\n\n\n<p>Sum\u00e9rgete en un mundo de gracia y expresi\u00f3n con nuestros espect\u00e1culos de baile emocionantes. Desde danza contempor\u00e1nea hasta hip-hop y ballet cl\u00e1sico, nuestros talentosos bailarines te llevar\u00e1n en un viaje visual que dejar\u00e1 a tu audiencia maravillada y emocionada.<\/p>\n\n\n\n<p>A TU SERVICIO: <a data-type=\"page\" data-id=\"167\" href=\"https:\/\/21producciones.com\/index.php\/eva-maria-vallejo\/\">EVA MARIA VALLEJO<\/a><\/p>\n<\/div>\n<\/div>\n\n\n\n<div id=\"presentaciones\" class=\"wp-block-group fade-in-right fade flip2 is-nowrap is-layout-flex wp-container-core-group-is-layout-6c531013 wp-block-group-is-layout-flex\">\n<div class=\"wp-block-group order2 is-vertical is-content-justification-left is-layout-flex wp-container-core-group-is-layout-ef111892 wp-block-group-is-layout-flex\" style=\"margin-top:var(--wp--preset--spacing--50);margin-bottom:var(--wp--preset--spacing--50)\">\n<hr class=\"wp-block-separator has-alpha-channel-opacity is-style-default\"\/>\n\n\n\n<h2 class=\"wp-block-heading\">Presentaciones de Galas<\/h2>\n\n\n\n<p>\u00bfNecesitas un toque de elegancia para tu evento corporativo o de gala? Nuestras presentaciones de gala son una combinaci\u00f3n perfecta de sofisticaci\u00f3n, estilo y entretenimiento de primer nivel. Desde anfitriones carism\u00e1ticos hasta actos especiales deslumbrantes, nos aseguramos de que cada detalle sea impecable y memorable.<\/p>\n<\/div>\n\n\n\n<figure class=\"wp-block-image size-full is-resized has-custom-border order\"><img loading=\"lazy\" decoding=\"async\" width=\"2560\" height=\"1707\" src=\"https:\/\/21producciones.com\/wp-content\/uploads\/2024\/03\/speaker-conducts-business-conference-journalists-aspiring-entrepreneurs-scaled.jpg\" alt=\"\" class=\"wp-image-352\" style=\"border-radius:8px;width:350px\" srcset=\"https:\/\/21producciones.com\/wp-content\/uploads\/2024\/03\/speaker-conducts-business-conference-journalists-aspiring-entrepreneurs-scaled.jpg 2560w, https:\/\/21producciones.com\/wp-content\/uploads\/2024\/03\/speaker-conducts-business-conference-journalists-aspiring-entrepreneurs-300x200.jpg 300w, https:\/\/21producciones.com\/wp-content\/uploads\/2024\/03\/speaker-conducts-business-conference-journalists-aspiring-entrepreneurs-1024x683.jpg 1024w, https:\/\/21producciones.com\/wp-content\/uploads\/2024\/03\/speaker-conducts-business-conference-journalists-aspiring-entrepreneurs-768x512.jpg 768w, https:\/\/21producciones.com\/wp-content\/uploads\/2024\/03\/speaker-conducts-business-conference-journalists-aspiring-entrepreneurs-1536x1024.jpg 1536w, https:\/\/21producciones.com\/wp-content\/uploads\/2024\/03\/speaker-conducts-business-conference-journalists-aspiring-entrepreneurs-2048x1365.jpg 2048w\" sizes=\"auto, (max-width: 2560px) 100vw, 2560px\" \/><figcaption class=\"wp-element-caption\">business event.the speaker and the Audience in the conference room. Business and concept of entrepreneurship.<\/figcaption><\/figure>\n<\/div>\n\n\n\n<div id=\"speakers\" class=\"wp-block-group fade-in-left fade flip3 is-nowrap is-layout-flex wp-container-core-group-is-layout-6c531013 wp-block-group-is-layout-flex\">\n<figure class=\"wp-block-image size-full is-resized has-custom-border\"><img loading=\"lazy\" decoding=\"async\" width=\"1001\" height=\"668\" src=\"https:\/\/21producciones.com\/wp-content\/uploads\/2024\/03\/428345653_18416158153038465_5211273296399662231_n-1.jpg\" alt=\"\" class=\"wp-image-351\" style=\"border-radius:8px;width:350px;height:auto\" srcset=\"https:\/\/21producciones.com\/wp-content\/uploads\/2024\/03\/428345653_18416158153038465_5211273296399662231_n-1.jpg 1001w, https:\/\/21producciones.com\/wp-content\/uploads\/2024\/03\/428345653_18416158153038465_5211273296399662231_n-1-300x200.jpg 300w, https:\/\/21producciones.com\/wp-content\/uploads\/2024\/03\/428345653_18416158153038465_5211273296399662231_n-1-768x513.jpg 768w\" sizes=\"auto, (max-width: 1001px) 100vw, 1001px\" \/><\/figure>\n\n\n\n<div class=\"wp-block-group cajas flex1 is-vertical is-content-justification-left is-layout-flex wp-container-core-group-is-layout-ef111892 wp-block-group-is-layout-flex\" style=\"margin-top:var(--wp--preset--spacing--50);margin-bottom:var(--wp--preset--spacing--50)\">\n<hr class=\"wp-block-separator has-alpha-channel-opacity is-style-default\"\/>\n\n\n\n<h2 class=\"wp-block-heading\">Speakers para Todo Tipo de Eventos<\/h2>\n\n\n\n<p>\u00bfQuieres darle a tu evento un toque de inspiraci\u00f3n y profesionalismo? Nuestros speakers expertos est\u00e1n listos para cautivar a tu audiencia con discursos poderosos, historias motivadoras y presentaciones impactantes. Ya sea una conferencia corporativa, una ceremonia de premiaci\u00f3n o un evento comunitario, nuestros speakers agregar\u00e1n el toque perfecto de emoci\u00f3n y relevancia.<\/p>\n<\/div>\n<\/div>\n<\/div>\n\n\n\n<div style=\"height:50px\" aria-hidden=\"true\" class=\"wp-block-spacer\"><\/div>\n\n\n\n<p>En resumen, en nuestra empresa de organizaci\u00f3n de espect\u00e1culos, nos dedicamos a proporcionar experiencias inolvidables que cautivan, emocionan y deleitan a tu audiencia. Ofrecemos servicios dise\u00f1ados para elevar la experiencia de cualquier evento. Desde la planificaci\u00f3n inicial hasta la ejecuci\u00f3n impecable, estamos aqu\u00ed para hacer que tu evento sea un verdadero espect\u00e1culo. \u00a1Cont\u00e1ctanos hoy mismo y d\u00e9janos convertir tu visi\u00f3n en realidad!<\/p>\n","protected":false},"excerpt":{"rendered":"<p> [&hellip;]<\/p>\n","protected":false},"author":1,"featured_media":0,"parent":0,"menu_order":0,"comment_status":"closed","ping_status":"closed","template":"","meta":{"om_disable_all_campaigns":false,"_monsterinsights_skip_tracking":false,"_monsterinsights_sitenote_active":false,"_monsterinsights_sitenote_note":"","_monsterinsights_sitenote_category":0,"_uf_show_specific_survey":0,"_uf_disable_surveys":false,"_joinchat":[],"footnotes":""},"class_list":["post-60","page","type-page","status-publish","hentry"],"yoast_head":"<!-- This site is optimized with the Yoast SEO plugin v23.0 - https:\/\/yoast.com\/wordpress\/plugins\/seo\/ -->\n<title>SERVICIOS &#187; 21producciones.com servicios dise\u00f1ados para elevar cualquier evento<\/title>\n<meta name=\"description\" content=\"Servicios dise\u00f1ados para elevar la experiencia de cualquier evento, grupos musicales, dj\u00b4s, speakers, presentaci\u00f3n de galas, baile\" \/>\n<meta name=\"robots\" content=\"index, follow, max-snippet:-1, max-image-preview:large, max-video-preview:-1\" \/>\n<link rel=\"canonical\" href=\"https:\/\/21producciones.com\/index.php\/servicios-disenados-para-elevar-cualquier-evento\/\" \/>\n<meta property=\"og:locale\" content=\"es_ES\" \/>\n<meta property=\"og:type\" content=\"article\" \/>\n<meta property=\"og:title\" content=\"SERVICIOS &#187; 21producciones.com servicios dise\u00f1ados para elevar cualquier evento\" \/>\n<meta property=\"og:description\" content=\"Servicios dise\u00f1ados para elevar la experiencia de cualquier evento, grupos musicales, dj\u00b4s, speakers, presentaci\u00f3n de galas, baile\" \/>\n<meta property=\"og:url\" content=\"https:\/\/21producciones.com\/index.php\/servicios-disenados-para-elevar-cualquier-evento\/\" \/>\n<meta property=\"og:site_name\" content=\"21producciones.com\" \/>\n<meta property=\"article:modified_time\" content=\"2024-03-14T08:29:40+00:00\" \/>\n<meta property=\"og:image\" content=\"https:\/\/21producciones.com\/wp-content\/uploads\/2024\/03\/buskers-1024x768.jpg\" \/>\n<meta name=\"twitter:card\" content=\"summary_large_image\" \/>\n<meta name=\"twitter:label1\" content=\"Tiempo de lectura\" \/>\n\t<meta name=\"twitter:data1\" content=\"3 minutos\" \/>\n<script type=\"application\/ld+json\" class=\"yoast-schema-graph\">{\"@context\":\"https:\/\/schema.org\",\"@graph\":[{\"@type\":\"WebPage\",\"@id\":\"https:\/\/21producciones.com\/index.php\/servicios-disenados-para-elevar-cualquier-evento\/\",\"url\":\"https:\/\/21producciones.com\/index.php\/servicios-disenados-para-elevar-cualquier-evento\/\",\"name\":\"SERVICIOS &#187; 21producciones.com servicios dise\u00f1ados para elevar cualquier evento\",\"isPartOf\":{\"@id\":\"https:\/\/21producciones.com\/#website\"},\"primaryImageOfPage\":{\"@id\":\"https:\/\/21producciones.com\/index.php\/servicios-disenados-para-elevar-cualquier-evento\/#primaryimage\"},\"image\":{\"@id\":\"https:\/\/21producciones.com\/index.php\/servicios-disenados-para-elevar-cualquier-evento\/#primaryimage\"},\"thumbnailUrl\":\"https:\/\/21producciones.com\/wp-content\/uploads\/2024\/03\/buskers-1024x768.jpg\",\"datePublished\":\"2024-03-07T17:00:02+00:00\",\"dateModified\":\"2024-03-14T08:29:40+00:00\",\"description\":\"Servicios dise\u00f1ados para elevar la experiencia de cualquier evento, grupos musicales, dj\u00b4s, speakers, presentaci\u00f3n de galas, baile\",\"breadcrumb\":{\"@id\":\"https:\/\/21producciones.com\/index.php\/servicios-disenados-para-elevar-cualquier-evento\/#breadcrumb\"},\"inLanguage\":\"es\",\"potentialAction\":[{\"@type\":\"ReadAction\",\"target\":[\"https:\/\/21producciones.com\/index.php\/servicios-disenados-para-elevar-cualquier-evento\/\"]}]},{\"@type\":\"ImageObject\",\"inLanguage\":\"es\",\"@id\":\"https:\/\/21producciones.com\/index.php\/servicios-disenados-para-elevar-cualquier-evento\/#primaryimage\",\"url\":\"https:\/\/21producciones.com\/wp-content\/uploads\/2024\/03\/buskers.jpg\",\"contentUrl\":\"https:\/\/21producciones.com\/wp-content\/uploads\/2024\/03\/buskers.jpg\",\"width\":2048,\"height\":1536},{\"@type\":\"BreadcrumbList\",\"@id\":\"https:\/\/21producciones.com\/index.php\/servicios-disenados-para-elevar-cualquier-evento\/#breadcrumb\",\"itemListElement\":[{\"@type\":\"ListItem\",\"position\":1,\"name\":\"Portada\",\"item\":\"https:\/\/21producciones.com\/\"},{\"@type\":\"ListItem\",\"position\":2,\"name\":\"SERVICIOS\"}]},{\"@type\":\"WebSite\",\"@id\":\"https:\/\/21producciones.com\/#website\",\"url\":\"https:\/\/21producciones.com\/\",\"name\":\"21producciones.com\",\"description\":\"Descubre la agencia de espect\u00e1culos perfecta para tu evento. Desde DJs y grupos musicales hasta bailarinas, ofrecemos entretenimiento excepcional para cada ocasi\u00f3n. \u00a1Contacta ahora!\",\"publisher\":{\"@id\":\"https:\/\/21producciones.com\/#organization\"},\"alternateName\":\"21 espect\u00e1culos\",\"potentialAction\":[{\"@type\":\"SearchAction\",\"target\":{\"@type\":\"EntryPoint\",\"urlTemplate\":\"https:\/\/21producciones.com\/?s={search_term_string}\"},\"query-input\":\"required name=search_term_string\"}],\"inLanguage\":\"es\"},{\"@type\":\"Organization\",\"@id\":\"https:\/\/21producciones.com\/#organization\",\"name\":\"21 producciones\",\"url\":\"https:\/\/21producciones.com\/\",\"logo\":{\"@type\":\"ImageObject\",\"inLanguage\":\"es\",\"@id\":\"https:\/\/21producciones.com\/#\/schema\/logo\/image\/\",\"url\":\"https:\/\/21producciones.com\/wp-content\/uploads\/2024\/03\/21producciones-logo2.png\",\"contentUrl\":\"https:\/\/21producciones.com\/wp-content\/uploads\/2024\/03\/21producciones-logo2.png\",\"width\":2480,\"height\":2480,\"caption\":\"21 producciones\"},\"image\":{\"@id\":\"https:\/\/21producciones.com\/#\/schema\/logo\/image\/\"}}]}<\/script>\n<!-- \/ Yoast SEO plugin. -->","yoast_head_json":{"title":"SERVICIOS &#187; 21producciones.com servicios dise\u00f1ados para elevar cualquier evento","description":"Servicios dise\u00f1ados para elevar la experiencia de cualquier evento, grupos musicales, dj\u00b4s, speakers, presentaci\u00f3n de galas, baile","robots":{"index":"index","follow":"follow","max-snippet":"max-snippet:-1","max-image-preview":"max-image-preview:large","max-video-preview":"max-video-preview:-1"},"canonical":"https:\/\/21producciones.com\/index.php\/servicios-disenados-para-elevar-cualquier-evento\/","og_locale":"es_ES","og_type":"article","og_title":"SERVICIOS &#187; 21producciones.com servicios dise\u00f1ados para elevar cualquier evento","og_description":"Servicios dise\u00f1ados para elevar la experiencia de cualquier evento, grupos musicales, dj\u00b4s, speakers, presentaci\u00f3n de galas, baile","og_url":"https:\/\/21producciones.com\/index.php\/servicios-disenados-para-elevar-cualquier-evento\/","og_site_name":"21producciones.com","article_modified_time":"2024-03-14T08:29:40+00:00","og_image":[{"url":"https:\/\/21producciones.com\/wp-content\/uploads\/2024\/03\/buskers-1024x768.jpg"}],"twitter_card":"summary_large_image","twitter_misc":{"Tiempo de lectura":"3 minutos"},"schema":{"@context":"https:\/\/schema.org","@graph":[{"@type":"WebPage","@id":"https:\/\/21producciones.com\/index.php\/servicios-disenados-para-elevar-cualquier-evento\/","url":"https:\/\/21producciones.com\/index.php\/servicios-disenados-para-elevar-cualquier-evento\/","name":"SERVICIOS &#187; 21producciones.com servicios dise\u00f1ados para elevar cualquier evento","isPartOf":{"@id":"https:\/\/21producciones.com\/#website"},"primaryImageOfPage":{"@id":"https:\/\/21producciones.com\/index.php\/servicios-disenados-para-elevar-cualquier-evento\/#primaryimage"},"image":{"@id":"https:\/\/21producciones.com\/index.php\/servicios-disenados-para-elevar-cualquier-evento\/#primaryimage"},"thumbnailUrl":"https:\/\/21producciones.com\/wp-content\/uploads\/2024\/03\/buskers-1024x768.jpg","datePublished":"2024-03-07T17:00:02+00:00","dateModified":"2024-03-14T08:29:40+00:00","description":"Servicios dise\u00f1ados para elevar la experiencia de cualquier evento, grupos musicales, dj\u00b4s, speakers, presentaci\u00f3n de galas, baile","breadcrumb":{"@id":"https:\/\/21producciones.com\/index.php\/servicios-disenados-para-elevar-cualquier-evento\/#breadcrumb"},"inLanguage":"es","potentialAction":[{"@type":"ReadAction","target":["https:\/\/21producciones.com\/index.php\/servicios-disenados-para-elevar-cualquier-evento\/"]}]},{"@type":"ImageObject","inLanguage":"es","@id":"https:\/\/21producciones.com\/index.php\/servicios-disenados-para-elevar-cualquier-evento\/#primaryimage","url":"https:\/\/21producciones.com\/wp-content\/uploads\/2024\/03\/buskers.jpg","contentUrl":"https:\/\/21producciones.com\/wp-content\/uploads\/2024\/03\/buskers.jpg","width":2048,"height":1536},{"@type":"BreadcrumbList","@id":"https:\/\/21producciones.com\/index.php\/servicios-disenados-para-elevar-cualquier-evento\/#breadcrumb","itemListElement":[{"@type":"ListItem","position":1,"name":"Portada","item":"https:\/\/21producciones.com\/"},{"@type":"ListItem","position":2,"name":"SERVICIOS"}]},{"@type":"WebSite","@id":"https:\/\/21producciones.com\/#website","url":"https:\/\/21producciones.com\/","name":"21producciones.com","description":"Descubre la agencia de espect\u00e1culos perfecta para tu evento. Desde DJs y grupos musicales hasta bailarinas, ofrecemos entretenimiento excepcional para cada ocasi\u00f3n. \u00a1Contacta ahora!","publisher":{"@id":"https:\/\/21producciones.com\/#organization"},"alternateName":"21 espect\u00e1culos","potentialAction":[{"@type":"SearchAction","target":{"@type":"EntryPoint","urlTemplate":"https:\/\/21producciones.com\/?s={search_term_string}"},"query-input":"required name=search_term_string"}],"inLanguage":"es"},{"@type":"Organization","@id":"https:\/\/21producciones.com\/#organization","name":"21 producciones","url":"https:\/\/21producciones.com\/","logo":{"@type":"ImageObject","inLanguage":"es","@id":"https:\/\/21producciones.com\/#\/schema\/logo\/image\/","url":"https:\/\/21producciones.com\/wp-content\/uploads\/2024\/03\/21producciones-logo2.png","contentUrl":"https:\/\/21producciones.com\/wp-content\/uploads\/2024\/03\/21producciones-logo2.png","width":2480,"height":2480,"caption":"21 producciones"},"image":{"@id":"https:\/\/21producciones.com\/#\/schema\/logo\/image\/"}}]}},"_links":{"self":[{"href":"https:\/\/21producciones.com\/index.php\/wp-json\/wp\/v2\/pages\/60","targetHints":{"allow":["GET"]}}],"collection":[{"href":"https:\/\/21producciones.com\/index.php\/wp-json\/wp\/v2\/pages"}],"about":[{"href":"https:\/\/21producciones.com\/index.php\/wp-json\/wp\/v2\/types\/page"}],"author":[{"embeddable":true,"href":"https:\/\/21producciones.com\/index.php\/wp-json\/wp\/v2\/users\/1"}],"replies":[{"embeddable":true,"href":"https:\/\/21producciones.com\/index.php\/wp-json\/wp\/v2\/comments?post=60"}],"version-history":[{"count":85,"href":"https:\/\/21producciones.com\/index.php\/wp-json\/wp\/v2\/pages\/60\/revisions"}],"predecessor-version":[{"id":394,"href":"https:\/\/21producciones.com\/index.php\/wp-json\/wp\/v2\/pages\/60\/revisions\/394"}],"wp:attachment":[{"href":"https:\/\/21producciones.com\/index.php\/wp-json\/wp\/v2\/media?parent=60"}],"curies":[{"name":"wp","href":"https:\/\/api.w.org\/{rel}","templated":true}]}}