{"id":63,"date":"2024-03-07T18:00:42","date_gmt":"2024-03-07T17:00:42","guid":{"rendered":"https:\/\/21producciones.com\/?page_id=63"},"modified":"2024-03-14T09:30:20","modified_gmt":"2024-03-14T08:30:20","slug":"eventos","status":"publish","type":"page","link":"https:\/\/21producciones.com\/index.php\/eventos\/","title":{"rendered":"ORGANIZACI\u00d3N DE EVENTOS"},"content":{"rendered":"<style>\n.cajas{\n  flex: 1;\n}\n.contenedor{\n  overflow: hidden;\n}\n<\/style>\n\n<script>\nsetTimeout(()=>{\n  const primero = document.querySelector('.primero')\n  primero.classList.add('scroll-triggered')\n}, 100)\n<\/script>\n\n\n<h1 class=\"wp-block-heading\">Transformamos tu evento en una experiencia inolvidable<\/h1>\n\n\n\n<p>Bienvenido a la agencia de organizaci\u00f3n de eventos que est\u00e1s buscando, donde tus sue\u00f1os se convierten en realidad. Transformamos tu evento en una experiencia \u00fanica e inolvidable. En nuestra firma, nos dedicamos apasionadamente a crear momentos memorables que perdurar\u00e1n toda la vida. Ya sea que est\u00e9s planeando un evento privado \u00edntimo, una boda de ensue\u00f1o, una animada fiesta de pueblo o una elegante gala, estamos aqu\u00ed para hacer que cada detalle sea perfecto.<\/p>\n\n\n\n<div style=\"height:55px\" aria-hidden=\"true\" class=\"wp-block-spacer\"><\/div>\n\n\n\n<h4 class=\"wp-block-heading has-text-align-center has-primary-color has-text-color has-allison-font-family has-huge-font-size\" style=\"margin-top:0px;margin-right:0px;margin-bottom:0px;margin-left:0px;font-style:normal;font-weight:400\">Descubre y explora<\/h4>\n\n\n\n<h2 class=\"wp-block-heading has-text-align-center\">eventos de todo tipo<\/h2>\n\n\n\n<div id=\"grupos\" class=\"wp-block-group fade-in-left fade primero is-nowrap is-layout-flex wp-container-core-group-is-layout-6c531013 wp-block-group-is-layout-flex\">\n<figure class=\"wp-block-image size-full is-resized\"><img loading=\"lazy\" decoding=\"async\" width=\"2560\" height=\"1707\" src=\"https:\/\/21producciones.com\/wp-content\/uploads\/2024\/03\/hombre-mujer-celebrando-su-boda-playa-scaled.jpg\" alt=\"\" class=\"wp-image-286\" style=\"width:361px;height:auto\" srcset=\"https:\/\/21producciones.com\/wp-content\/uploads\/2024\/03\/hombre-mujer-celebrando-su-boda-playa-scaled.jpg 2560w, https:\/\/21producciones.com\/wp-content\/uploads\/2024\/03\/hombre-mujer-celebrando-su-boda-playa-300x200.jpg 300w, https:\/\/21producciones.com\/wp-content\/uploads\/2024\/03\/hombre-mujer-celebrando-su-boda-playa-1024x683.jpg 1024w, https:\/\/21producciones.com\/wp-content\/uploads\/2024\/03\/hombre-mujer-celebrando-su-boda-playa-768x512.jpg 768w, https:\/\/21producciones.com\/wp-content\/uploads\/2024\/03\/hombre-mujer-celebrando-su-boda-playa-1536x1024.jpg 1536w, https:\/\/21producciones.com\/wp-content\/uploads\/2024\/03\/hombre-mujer-celebrando-su-boda-playa-2048x1365.jpg 2048w\" sizes=\"auto, (max-width: 2560px) 100vw, 2560px\" \/><\/figure>\n\n\n\n<div class=\"wp-block-group cajas flex1 is-vertical is-content-justification-left is-layout-flex wp-container-core-group-is-layout-ef111892 wp-block-group-is-layout-flex\" style=\"margin-top:var(--wp--preset--spacing--50);margin-bottom:var(--wp--preset--spacing--50)\">\n<hr class=\"wp-block-separator has-alpha-channel-opacity is-style-default\"\/>\n\n\n\n<h2 class=\"wp-block-heading\">Eventos Privados y Bodas:<\/h2>\n\n\n\n<p>Desde la primera consulta hasta el \u00faltimo baile, nuestro equipo experto se encarga de cada aspecto de tu evento privado o boda. Nos esforzamos por capturar la esencia de tu visi\u00f3n y convertirla en una celebraci\u00f3n que refleje tu personalidad y estilo \u00fanico. <\/p>\n<\/div>\n<\/div>\n\n\n\n<div id=\"grupos\" class=\"wp-block-group fade-in-right fade is-nowrap is-layout-flex wp-container-core-group-is-layout-6c531013 wp-block-group-is-layout-flex\">\n<div class=\"wp-block-group cajas order2 flex1 is-vertical is-content-justification-left is-layout-flex wp-container-core-group-is-layout-ef111892 wp-block-group-is-layout-flex\" style=\"margin-top:var(--wp--preset--spacing--50);margin-bottom:var(--wp--preset--spacing--50)\">\n<hr class=\"wp-block-separator has-alpha-channel-opacity is-style-default\"\/>\n\n\n\n<h2 class=\"wp-block-heading\">Fiestas de Pueblos:<\/h2>\n\n\n\n<p>Nos enorgullece ser parte de la comunidad y ayudar a hacer de las fiestas de pueblos eventos memorables y llenos de alegr\u00eda. Con una variedad de entretenimiento, actividades y delicias gastron\u00f3micas, creamos experiencias que unen a la comunidad y generan recuerdos duraderos<\/p>\n<\/div>\n\n\n\n<figure class=\"wp-block-image size-large is-resized order\"><img loading=\"lazy\" decoding=\"async\" width=\"2560\" height=\"2558\" src=\"https:\/\/21producciones.com\/wp-content\/uploads\/2024\/03\/there-are-multiple-people-outdoor-festival-with-colored-confetti-edited-scaled.jpg\" alt=\"\" class=\"wp-image-380\" style=\"width:310px;height:auto\" srcset=\"https:\/\/21producciones.com\/wp-content\/uploads\/2024\/03\/there-are-multiple-people-outdoor-festival-with-colored-confetti-edited-scaled.jpg 2560w, https:\/\/21producciones.com\/wp-content\/uploads\/2024\/03\/there-are-multiple-people-outdoor-festival-with-colored-confetti-edited-300x300.jpg 300w, https:\/\/21producciones.com\/wp-content\/uploads\/2024\/03\/there-are-multiple-people-outdoor-festival-with-colored-confetti-edited-1024x1024.jpg 1024w, https:\/\/21producciones.com\/wp-content\/uploads\/2024\/03\/there-are-multiple-people-outdoor-festival-with-colored-confetti-edited-150x150.jpg 150w, https:\/\/21producciones.com\/wp-content\/uploads\/2024\/03\/there-are-multiple-people-outdoor-festival-with-colored-confetti-edited-768x767.jpg 768w, https:\/\/21producciones.com\/wp-content\/uploads\/2024\/03\/there-are-multiple-people-outdoor-festival-with-colored-confetti-edited-1536x1536.jpg 1536w, https:\/\/21producciones.com\/wp-content\/uploads\/2024\/03\/there-are-multiple-people-outdoor-festival-with-colored-confetti-edited-2048x2046.jpg 2048w\" sizes=\"auto, (max-width: 2560px) 100vw, 2560px\" \/><\/figure>\n<\/div>\n\n\n\n<div id=\"grupos\" class=\"wp-block-group fade-in-left fade is-nowrap is-layout-flex wp-container-core-group-is-layout-6c531013 wp-block-group-is-layout-flex\">\n<figure class=\"wp-block-image size-large is-resized\"><img loading=\"lazy\" decoding=\"async\" width=\"1024\" height=\"1024\" src=\"https:\/\/21producciones.com\/wp-content\/uploads\/2024\/03\/two-female-friends-looking-people-dancing-holi-color-explosion-1024x1024.jpg\" alt=\"\" class=\"wp-image-359\" style=\"width:303px;height:auto\" srcset=\"https:\/\/21producciones.com\/wp-content\/uploads\/2024\/03\/two-female-friends-looking-people-dancing-holi-color-explosion-1024x1024.jpg 1024w, https:\/\/21producciones.com\/wp-content\/uploads\/2024\/03\/two-female-friends-looking-people-dancing-holi-color-explosion-300x300.jpg 300w, https:\/\/21producciones.com\/wp-content\/uploads\/2024\/03\/two-female-friends-looking-people-dancing-holi-color-explosion-150x150.jpg 150w, https:\/\/21producciones.com\/wp-content\/uploads\/2024\/03\/two-female-friends-looking-people-dancing-holi-color-explosion-768x768.jpg 768w, https:\/\/21producciones.com\/wp-content\/uploads\/2024\/03\/two-female-friends-looking-people-dancing-holi-color-explosion-1536x1536.jpg 1536w, https:\/\/21producciones.com\/wp-content\/uploads\/2024\/03\/two-female-friends-looking-people-dancing-holi-color-explosion.jpg 2000w\" sizes=\"auto, (max-width: 1024px) 100vw, 1024px\" \/><\/figure>\n\n\n\n<div class=\"wp-block-group cajas flex1 is-vertical is-content-justification-left is-layout-flex wp-container-core-group-is-layout-ef111892 wp-block-group-is-layout-flex\" style=\"margin-top:var(--wp--preset--spacing--50);margin-bottom:var(--wp--preset--spacing--50)\">\n<hr class=\"wp-block-separator has-alpha-channel-opacity is-style-default\"\/>\n\n\n\n<h2 class=\"wp-block-heading\">Fiestas Tem\u00e1ticas:<\/h2>\n\n\n\n<p>\u00bfQuieres llevar tu evento al siguiente nivel con una fiesta tem\u00e1tica emocionante? Nosotros nos encargamos de todo, desde la decoraci\u00f3n hasta la selecci\u00f3n de entretenimiento y la coordinaci\u00f3n de actividades especiales. Ya sea una fiesta de disfraces, una Holi Party o un remember de otra \u00e9poca, hacemos que tu visi\u00f3n cobre vida de manera espectacular.<\/p>\n<\/div>\n<\/div>\n\n\n\n<div id=\"grupos\" class=\"wp-block-group fade-in-right fade is-nowrap is-layout-flex wp-container-core-group-is-layout-6c531013 wp-block-group-is-layout-flex\">\n<div class=\"wp-block-group cajas order2 flex1 is-vertical is-content-justification-left is-layout-flex wp-container-core-group-is-layout-ef111892 wp-block-group-is-layout-flex\" style=\"margin-top:var(--wp--preset--spacing--50);margin-bottom:var(--wp--preset--spacing--50)\">\n<hr class=\"wp-block-separator has-alpha-channel-opacity is-style-default\"\/>\n\n\n\n<h2 class=\"wp-block-heading\">Eventos Corporativos: <\/h2>\n\n\n\n<p>Como especialistas en eventos corporativos, entendemos la importancia de transmitir la imagen y los valores de tu empresa de manera efectiva. Desde conferencias y lanzamientos de productos hasta cenas de gala y eventos de team building, nos encargamos de cada detalle para asegurarnos de que tu evento sea un \u00e9xito rotundo y deje una impresi\u00f3n duradera en tus invitados y clientes.<\/p>\n<\/div>\n\n\n\n<figure class=\"wp-block-image size-large is-resized\"><img loading=\"lazy\" decoding=\"async\" width=\"1024\" height=\"683\" src=\"https:\/\/21producciones.com\/wp-content\/uploads\/2024\/03\/speaker-conducts-business-conference-journalists-aspiring-entrepreneurs-1024x683.jpg\" alt=\"\" class=\"wp-image-352\" style=\"width:358px;height:auto\" srcset=\"https:\/\/21producciones.com\/wp-content\/uploads\/2024\/03\/speaker-conducts-business-conference-journalists-aspiring-entrepreneurs-1024x683.jpg 1024w, https:\/\/21producciones.com\/wp-content\/uploads\/2024\/03\/speaker-conducts-business-conference-journalists-aspiring-entrepreneurs-300x200.jpg 300w, https:\/\/21producciones.com\/wp-content\/uploads\/2024\/03\/speaker-conducts-business-conference-journalists-aspiring-entrepreneurs-768x512.jpg 768w, https:\/\/21producciones.com\/wp-content\/uploads\/2024\/03\/speaker-conducts-business-conference-journalists-aspiring-entrepreneurs-1536x1024.jpg 1536w, https:\/\/21producciones.com\/wp-content\/uploads\/2024\/03\/speaker-conducts-business-conference-journalists-aspiring-entrepreneurs-2048x1365.jpg 2048w\" sizes=\"auto, (max-width: 1024px) 100vw, 1024px\" \/><\/figure>\n<\/div>\n\n\n\n<div style=\"height:55px\" aria-hidden=\"true\" class=\"wp-block-spacer\"><\/div>\n\n\n\n<blockquote class=\"wp-block-quote is-layout-flow wp-block-quote-is-layout-flow\">\n<p>\u201cLlegar juntos es el principio. Mantenerse juntos, es el progreso. Trabajar juntos es el \u00e9xito.\u201d&nbsp;<\/p>\n<cite>Henry Ford<\/cite><\/blockquote>\n\n\n\n<div style=\"height:55px\" aria-hidden=\"true\" class=\"wp-block-spacer\"><\/div>\n\n\n\n<p>En nuestra empresa, nos comprometemos a ofrecerte un servicio excepcional y una experiencia inolvidable en cada evento que organizamos, sea en el lugar que sea. Con atenci\u00f3n al detalle, creatividad ilimitada y un enfoque centrado en el cliente, estamos aqu\u00ed para hacer que tus sue\u00f1os se hagan realidad. \u00a1Cont\u00e1ctanos hoy mismo para comenzar a planificar tu evento perfecto!<\/p>\n","protected":false},"excerpt":{"rendered":"<p> [&hellip;]<\/p>\n","protected":false},"author":1,"featured_media":0,"parent":0,"menu_order":0,"comment_status":"closed","ping_status":"closed","template":"","meta":{"om_disable_all_campaigns":false,"_monsterinsights_skip_tracking":false,"_monsterinsights_sitenote_active":false,"_monsterinsights_sitenote_note":"","_monsterinsights_sitenote_category":0,"_uf_show_specific_survey":0,"_uf_disable_surveys":false,"_joinchat":[],"footnotes":""},"class_list":["post-63","page","type-page","status-publish","hentry"],"yoast_head":"<!-- This site is optimized with the Yoast SEO plugin v23.0 - https:\/\/yoast.com\/wordpress\/plugins\/seo\/ -->\n<title>ORGANIZACI\u00d3N DE EVENTOS Transformamos tu evento en una experiencia inolvidable<\/title>\n<meta name=\"description\" content=\"Transformamos tu evento en una experiencia inolvidable. Bodas \u00edntimas, eventos, fiestas, nuestra agencia se encarga de cada detalle.\" \/>\n<meta name=\"robots\" content=\"index, follow, max-snippet:-1, max-image-preview:large, max-video-preview:-1\" \/>\n<link rel=\"canonical\" href=\"https:\/\/21producciones.com\/index.php\/eventos\/\" \/>\n<meta property=\"og:locale\" content=\"es_ES\" \/>\n<meta property=\"og:type\" content=\"article\" \/>\n<meta property=\"og:title\" content=\"ORGANIZACI\u00d3N DE EVENTOS Transformamos tu evento en una experiencia inolvidable\" \/>\n<meta property=\"og:description\" content=\"Transformamos tu evento en una experiencia inolvidable. Bodas \u00edntimas, eventos, fiestas, nuestra agencia se encarga de cada detalle.\" \/>\n<meta property=\"og:url\" content=\"https:\/\/21producciones.com\/index.php\/eventos\/\" \/>\n<meta property=\"og:site_name\" content=\"21producciones.com\" \/>\n<meta property=\"article:modified_time\" content=\"2024-03-14T08:30:20+00:00\" \/>\n<meta property=\"og:image\" content=\"https:\/\/21producciones.com\/wp-content\/uploads\/2024\/03\/hombre-mujer-celebrando-su-boda-playa-scaled.jpg\" \/>\n<meta name=\"twitter:card\" content=\"summary_large_image\" \/>\n<meta name=\"twitter:label1\" content=\"Tiempo de lectura\" \/>\n\t<meta name=\"twitter:data1\" content=\"3 minutos\" \/>\n<script type=\"application\/ld+json\" class=\"yoast-schema-graph\">{\"@context\":\"https:\/\/schema.org\",\"@graph\":[{\"@type\":\"WebPage\",\"@id\":\"https:\/\/21producciones.com\/index.php\/eventos\/\",\"url\":\"https:\/\/21producciones.com\/index.php\/eventos\/\",\"name\":\"ORGANIZACI\u00d3N DE EVENTOS Transformamos tu evento en una experiencia inolvidable\",\"isPartOf\":{\"@id\":\"https:\/\/21producciones.com\/#website\"},\"primaryImageOfPage\":{\"@id\":\"https:\/\/21producciones.com\/index.php\/eventos\/#primaryimage\"},\"image\":{\"@id\":\"https:\/\/21producciones.com\/index.php\/eventos\/#primaryimage\"},\"thumbnailUrl\":\"https:\/\/21producciones.com\/wp-content\/uploads\/2024\/03\/hombre-mujer-celebrando-su-boda-playa-scaled.jpg\",\"datePublished\":\"2024-03-07T17:00:42+00:00\",\"dateModified\":\"2024-03-14T08:30:20+00:00\",\"description\":\"Transformamos tu evento en una experiencia inolvidable. Bodas \u00edntimas, eventos, fiestas, nuestra agencia se encarga de cada detalle.\",\"breadcrumb\":{\"@id\":\"https:\/\/21producciones.com\/index.php\/eventos\/#breadcrumb\"},\"inLanguage\":\"es\",\"potentialAction\":[{\"@type\":\"ReadAction\",\"target\":[\"https:\/\/21producciones.com\/index.php\/eventos\/\"]}]},{\"@type\":\"ImageObject\",\"inLanguage\":\"es\",\"@id\":\"https:\/\/21producciones.com\/index.php\/eventos\/#primaryimage\",\"url\":\"https:\/\/21producciones.com\/wp-content\/uploads\/2024\/03\/hombre-mujer-celebrando-su-boda-playa-scaled.jpg\",\"contentUrl\":\"https:\/\/21producciones.com\/wp-content\/uploads\/2024\/03\/hombre-mujer-celebrando-su-boda-playa-scaled.jpg\",\"width\":2560,\"height\":1707},{\"@type\":\"BreadcrumbList\",\"@id\":\"https:\/\/21producciones.com\/index.php\/eventos\/#breadcrumb\",\"itemListElement\":[{\"@type\":\"ListItem\",\"position\":1,\"name\":\"Portada\",\"item\":\"https:\/\/21producciones.com\/\"},{\"@type\":\"ListItem\",\"position\":2,\"name\":\"ORGANIZACI\u00d3N DE EVENTOS\"}]},{\"@type\":\"WebSite\",\"@id\":\"https:\/\/21producciones.com\/#website\",\"url\":\"https:\/\/21producciones.com\/\",\"name\":\"21producciones.com\",\"description\":\"Descubre la agencia de espect\u00e1culos perfecta para tu evento. Desde DJs y grupos musicales hasta bailarinas, ofrecemos entretenimiento excepcional para cada ocasi\u00f3n. \u00a1Contacta ahora!\",\"publisher\":{\"@id\":\"https:\/\/21producciones.com\/#organization\"},\"alternateName\":\"21 espect\u00e1culos\",\"potentialAction\":[{\"@type\":\"SearchAction\",\"target\":{\"@type\":\"EntryPoint\",\"urlTemplate\":\"https:\/\/21producciones.com\/?s={search_term_string}\"},\"query-input\":\"required name=search_term_string\"}],\"inLanguage\":\"es\"},{\"@type\":\"Organization\",\"@id\":\"https:\/\/21producciones.com\/#organization\",\"name\":\"21 producciones\",\"url\":\"https:\/\/21producciones.com\/\",\"logo\":{\"@type\":\"ImageObject\",\"inLanguage\":\"es\",\"@id\":\"https:\/\/21producciones.com\/#\/schema\/logo\/image\/\",\"url\":\"https:\/\/21producciones.com\/wp-content\/uploads\/2024\/03\/21producciones-logo2.png\",\"contentUrl\":\"https:\/\/21producciones.com\/wp-content\/uploads\/2024\/03\/21producciones-logo2.png\",\"width\":2480,\"height\":2480,\"caption\":\"21 producciones\"},\"image\":{\"@id\":\"https:\/\/21producciones.com\/#\/schema\/logo\/image\/\"}}]}<\/script>\n<!-- \/ Yoast SEO plugin. -->","yoast_head_json":{"title":"ORGANIZACI\u00d3N DE EVENTOS Transformamos tu evento en una experiencia inolvidable","description":"Transformamos tu evento en una experiencia inolvidable. Bodas \u00edntimas, eventos, fiestas, nuestra agencia se encarga de cada detalle.","robots":{"index":"index","follow":"follow","max-snippet":"max-snippet:-1","max-image-preview":"max-image-preview:large","max-video-preview":"max-video-preview:-1"},"canonical":"https:\/\/21producciones.com\/index.php\/eventos\/","og_locale":"es_ES","og_type":"article","og_title":"ORGANIZACI\u00d3N DE EVENTOS Transformamos tu evento en una experiencia inolvidable","og_description":"Transformamos tu evento en una experiencia inolvidable. Bodas \u00edntimas, eventos, fiestas, nuestra agencia se encarga de cada detalle.","og_url":"https:\/\/21producciones.com\/index.php\/eventos\/","og_site_name":"21producciones.com","article_modified_time":"2024-03-14T08:30:20+00:00","og_image":[{"url":"https:\/\/21producciones.com\/wp-content\/uploads\/2024\/03\/hombre-mujer-celebrando-su-boda-playa-scaled.jpg"}],"twitter_card":"summary_large_image","twitter_misc":{"Tiempo de lectura":"3 minutos"},"schema":{"@context":"https:\/\/schema.org","@graph":[{"@type":"WebPage","@id":"https:\/\/21producciones.com\/index.php\/eventos\/","url":"https:\/\/21producciones.com\/index.php\/eventos\/","name":"ORGANIZACI\u00d3N DE EVENTOS Transformamos tu evento en una experiencia inolvidable","isPartOf":{"@id":"https:\/\/21producciones.com\/#website"},"primaryImageOfPage":{"@id":"https:\/\/21producciones.com\/index.php\/eventos\/#primaryimage"},"image":{"@id":"https:\/\/21producciones.com\/index.php\/eventos\/#primaryimage"},"thumbnailUrl":"https:\/\/21producciones.com\/wp-content\/uploads\/2024\/03\/hombre-mujer-celebrando-su-boda-playa-scaled.jpg","datePublished":"2024-03-07T17:00:42+00:00","dateModified":"2024-03-14T08:30:20+00:00","description":"Transformamos tu evento en una experiencia inolvidable. Bodas \u00edntimas, eventos, fiestas, nuestra agencia se encarga de cada detalle.","breadcrumb":{"@id":"https:\/\/21producciones.com\/index.php\/eventos\/#breadcrumb"},"inLanguage":"es","potentialAction":[{"@type":"ReadAction","target":["https:\/\/21producciones.com\/index.php\/eventos\/"]}]},{"@type":"ImageObject","inLanguage":"es","@id":"https:\/\/21producciones.com\/index.php\/eventos\/#primaryimage","url":"https:\/\/21producciones.com\/wp-content\/uploads\/2024\/03\/hombre-mujer-celebrando-su-boda-playa-scaled.jpg","contentUrl":"https:\/\/21producciones.com\/wp-content\/uploads\/2024\/03\/hombre-mujer-celebrando-su-boda-playa-scaled.jpg","width":2560,"height":1707},{"@type":"BreadcrumbList","@id":"https:\/\/21producciones.com\/index.php\/eventos\/#breadcrumb","itemListElement":[{"@type":"ListItem","position":1,"name":"Portada","item":"https:\/\/21producciones.com\/"},{"@type":"ListItem","position":2,"name":"ORGANIZACI\u00d3N DE EVENTOS"}]},{"@type":"WebSite","@id":"https:\/\/21producciones.com\/#website","url":"https:\/\/21producciones.com\/","name":"21producciones.com","description":"Descubre la agencia de espect\u00e1culos perfecta para tu evento. Desde DJs y grupos musicales hasta bailarinas, ofrecemos entretenimiento excepcional para cada ocasi\u00f3n. \u00a1Contacta ahora!","publisher":{"@id":"https:\/\/21producciones.com\/#organization"},"alternateName":"21 espect\u00e1culos","potentialAction":[{"@type":"SearchAction","target":{"@type":"EntryPoint","urlTemplate":"https:\/\/21producciones.com\/?s={search_term_string}"},"query-input":"required name=search_term_string"}],"inLanguage":"es"},{"@type":"Organization","@id":"https:\/\/21producciones.com\/#organization","name":"21 producciones","url":"https:\/\/21producciones.com\/","logo":{"@type":"ImageObject","inLanguage":"es","@id":"https:\/\/21producciones.com\/#\/schema\/logo\/image\/","url":"https:\/\/21producciones.com\/wp-content\/uploads\/2024\/03\/21producciones-logo2.png","contentUrl":"https:\/\/21producciones.com\/wp-content\/uploads\/2024\/03\/21producciones-logo2.png","width":2480,"height":2480,"caption":"21 producciones"},"image":{"@id":"https:\/\/21producciones.com\/#\/schema\/logo\/image\/"}}]}},"_links":{"self":[{"href":"https:\/\/21producciones.com\/index.php\/wp-json\/wp\/v2\/pages\/63","targetHints":{"allow":["GET"]}}],"collection":[{"href":"https:\/\/21producciones.com\/index.php\/wp-json\/wp\/v2\/pages"}],"about":[{"href":"https:\/\/21producciones.com\/index.php\/wp-json\/wp\/v2\/types\/page"}],"author":[{"embeddable":true,"href":"https:\/\/21producciones.com\/index.php\/wp-json\/wp\/v2\/users\/1"}],"replies":[{"embeddable":true,"href":"https:\/\/21producciones.com\/index.php\/wp-json\/wp\/v2\/comments?post=63"}],"version-history":[{"count":35,"href":"https:\/\/21producciones.com\/index.php\/wp-json\/wp\/v2\/pages\/63\/revisions"}],"predecessor-version":[{"id":395,"href":"https:\/\/21producciones.com\/index.php\/wp-json\/wp\/v2\/pages\/63\/revisions\/395"}],"wp:attachment":[{"href":"https:\/\/21producciones.com\/index.php\/wp-json\/wp\/v2\/media?parent=63"}],"curies":[{"name":"wp","href":"https:\/\/api.w.org\/{rel}","templated":true}]}}